{"id":1354,"date":"2011-09-08T15:54:23","date_gmt":"2011-09-08T15:54:23","guid":{"rendered":"http:\/\/www.mainosmuseo.fi\/?page_id=1354"},"modified":"2023-01-24T14:36:29","modified_gmt":"2023-01-24T12:36:29","slug":"tilaa-kirja","status":"publish","type":"page","link":"https:\/\/www.mainosmuseo.fi\/?page_id=1354","title":{"rendered":""},"content":{"rendered":"<h1 style=\"text-transform: capitalize; font-family: 'FreightSansBook';\">Suomalaisen <span style=\"text-transform: lowercase;\">mainonnan historia<\/span><\/h1>\n<p><img loading=\"lazy\" decoding=\"async\" width=\"220\" height=\"300\" class=\"alignleft size-medium wp-image-1360\" style=\"float: left; padding: 0 20px; margin: 0 20px 20px 0;\" title=\"kansi\" src=\"https:\/\/www.mainosmuseo.fi\/wp-content\/uploads\/2011\/09\/kansi1-220x300.jpg\" alt=\"\" srcset=\"https:\/\/www.mainosmuseo.fi\/wp-content\/uploads\/2011\/09\/kansi1-220x300.jpg 220w, https:\/\/www.mainosmuseo.fi\/wp-content\/uploads\/2011\/09\/kansi1.jpg 499w\" sizes=\"auto, (max-width: 220px) 100vw, 220px\" \/><\/p>\n<div style=\"width: 300px; float: left; padding: 0 20px 150px;\">\n<div class=\"wpcf7 no-js\" id=\"wpcf7-f1418-o1\" lang=\"\" dir=\"ltr\" data-wpcf7-id=\"1418\">\n<div class=\"screen-reader-response\"><p role=\"status\" aria-live=\"polite\" aria-atomic=\"true\"><\/p> <ul><\/ul><\/div>\n<form action=\"\/index.php?rest_route=%2Fwp%2Fv2%2Fpages%2F1354#wpcf7-f1418-o1\" method=\"post\" class=\"wpcf7-form init\" aria-label=\"Contact form\" novalidate=\"novalidate\" data-status=\"init\">\n<fieldset class=\"hidden-fields-container\"><input type=\"hidden\" name=\"_wpcf7\" value=\"1418\" \/><input type=\"hidden\" name=\"_wpcf7_version\" value=\"6.1.5\" \/><input type=\"hidden\" name=\"_wpcf7_locale\" value=\"\" \/><input type=\"hidden\" name=\"_wpcf7_unit_tag\" value=\"wpcf7-f1418-o1\" \/><input type=\"hidden\" name=\"_wpcf7_container_post\" value=\"0\" \/><input type=\"hidden\" name=\"_wpcf7_posted_data_hash\" value=\"\" \/>\n<\/fieldset>\n<div style=\"clear: both;\">\n<\/div>\n<p>Nimi\n<\/p>\n<p><span class=\"wpcf7-form-control-wrap\" data-name=\"nimi\"><input size=\"40\" maxlength=\"400\" class=\"wpcf7-form-control wpcf7-text wpcf7-validates-as-required\" aria-required=\"true\" aria-invalid=\"false\" value=\"\" type=\"text\" name=\"nimi\" \/><\/span>\n<\/p>\n<p>S\u00e4hk\u00f6posti\n<\/p>\n<p><span class=\"wpcf7-form-control-wrap\" data-name=\"email\"><input size=\"40\" maxlength=\"400\" class=\"wpcf7-form-control wpcf7-text wpcf7-validates-as-required\" aria-required=\"true\" aria-invalid=\"false\" value=\"\" type=\"text\" name=\"email\" \/><\/span>\n<\/p>\n<p>Teht\u00e4v\u00e4\n<\/p>\n<p><span class=\"wpcf7-form-control-wrap\" data-name=\"tehtava\"><input size=\"40\" maxlength=\"400\" class=\"wpcf7-form-control wpcf7-text wpcf7-validates-as-required\" aria-required=\"true\" aria-invalid=\"false\" value=\"\" type=\"text\" name=\"tehtava\" \/><\/span>\n<\/p>\n<p>Yritys\n<\/p>\n<p><span class=\"wpcf7-form-control-wrap\" data-name=\"yritys\"><input size=\"40\" maxlength=\"400\" class=\"wpcf7-form-control wpcf7-text wpcf7-validates-as-required\" aria-required=\"true\" aria-invalid=\"false\" value=\"\" type=\"text\" name=\"yritys\" \/><\/span>\n<\/p>\n<p>Katuosoite\n<\/p>\n<p><span class=\"wpcf7-form-control-wrap\" data-name=\"osoite\"><input size=\"40\" maxlength=\"400\" class=\"wpcf7-form-control wpcf7-text wpcf7-validates-as-required\" aria-required=\"true\" aria-invalid=\"false\" value=\"\" type=\"text\" name=\"osoite\" \/><\/span>\n<\/p>\n<p>Postinumero ja -toimipaikka\n<\/p>\n<p><span class=\"wpcf7-form-control-wrap\" data-name=\"postitoim\"><input size=\"40\" maxlength=\"400\" class=\"wpcf7-form-control wpcf7-text wpcf7-validates-as-required\" aria-required=\"true\" aria-invalid=\"false\" value=\"\" type=\"text\" name=\"postitoim\" \/><\/span>\n<\/p>\n<p>Lis\u00e4tietoja\n<\/p>\n<p><span class=\"wpcf7-form-control-wrap\" data-name=\"lisatieto\"><input size=\"40\" maxlength=\"400\" class=\"wpcf7-form-control wpcf7-text wpcf7-validates-as-required\" aria-required=\"true\" aria-invalid=\"false\" value=\"\" type=\"text\" name=\"lisatieto\" \/><\/span>\n<\/p>\n<p><input class=\"wpcf7-form-control wpcf7-submit has-spinner\" type=\"submit\" value=\"Tilaa\" \/>\n<\/p><div class=\"wpcf7-response-output\" aria-hidden=\"true\"><\/div>\n<\/form>\n<\/div>\n<\/div>\n<p>Vuonna 2011 julkaistu &#8220;Nyt uutta Suomessa! Suomalaisen mainonnan historia&#8221; kertoo mainonnan roolista ja merkityksest\u00e4 Suomen taloudessa ja kulttuurissa. Teoksessa esitell\u00e4\u00e4n mainonnan keinoja, sis\u00e4lt\u00f6\u00e4 ja tyylilajeja lukuisin esimerkein. Kirjan runsas kuvitus havainnollistaa painetun mainonnan kehityst\u00e4. Kirjan liitteen\u00e4 on DVD, joka esittelee havainnollisesti ja viihdytt\u00e4v\u00e4sti mainoselokuvia ja radiomainontaa yli sadan vuoden ajalta.<\/p>\n<p>Kirjan ja DVD:n voi tilata <a href=\"https:\/\/www.marketingfinland.fi\/kauppa\/kirja\/mainonnan-historia-kirja\/\">kirjakaupasta<\/a> ale-hintaan 55 euroa. Alv 10 % ja postituskulut 7,70 euroa lis\u00e4t\u00e4\u00e4n hintaan<\/p>\n<p>Lis\u00e4tietoja-kentt\u00e4\u00e4n laskutusosoite jos eri kuin toimitusosoite.<\/p>\n","protected":false},"excerpt":{"rendered":"<p>Suomalaisen mainonnan historia Vuonna 2011 julkaistu &#8220;Nyt uutta Suomessa! Suomalaisen mainonnan historia&#8221; kertoo mainonnan roolista ja merkityksest\u00e4 Suomen taloudessa ja kulttuurissa. Teoksessa esitell\u00e4\u00e4n mainonnan keinoja, sis\u00e4lt\u00f6\u00e4 ja tyylilajeja lukuisin esimerkein. Kirjan runsas kuvitus havainnollistaa painetun mainonnan kehityst\u00e4. Kirjan liitteen\u00e4 on DVD, joka esittelee havainnollisesti ja viihdytt\u00e4v\u00e4sti mainoselokuvia ja radiomainontaa yli sadan vuoden ajalta. Kirjan ja [&hellip;]<\/p>\n","protected":false},"author":1,"featured_media":0,"parent":0,"menu_order":0,"comment_status":"open","ping_status":"open","template":"","meta":{"footnotes":""},"class_list":["post-1354","page","type-page","status-publish","hentry"],"_links":{"self":[{"href":"https:\/\/www.mainosmuseo.fi\/index.php?rest_route=\/wp\/v2\/pages\/1354","targetHints":{"allow":["GET"]}}],"collection":[{"href":"https:\/\/www.mainosmuseo.fi\/index.php?rest_route=\/wp\/v2\/pages"}],"about":[{"href":"https:\/\/www.mainosmuseo.fi\/index.php?rest_route=\/wp\/v2\/types\/page"}],"author":[{"embeddable":true,"href":"https:\/\/www.mainosmuseo.fi\/index.php?rest_route=\/wp\/v2\/users\/1"}],"replies":[{"embeddable":true,"href":"https:\/\/www.mainosmuseo.fi\/index.php?rest_route=%2Fwp%2Fv2%2Fcomments&post=1354"}],"version-history":[{"count":22,"href":"https:\/\/www.mainosmuseo.fi\/index.php?rest_route=\/wp\/v2\/pages\/1354\/revisions"}],"predecessor-version":[{"id":1486,"href":"https:\/\/www.mainosmuseo.fi\/index.php?rest_route=\/wp\/v2\/pages\/1354\/revisions\/1486"}],"wp:attachment":[{"href":"https:\/\/www.mainosmuseo.fi\/index.php?rest_route=%2Fwp%2Fv2%2Fmedia&parent=1354"}],"curies":[{"name":"wp","href":"https:\/\/api.w.org\/{rel}","templated":true}]}}