{"id":1335,"date":"2011-09-08T15:14:07","date_gmt":"2011-09-08T15:14:07","guid":{"rendered":"http:\/\/www.mainosmuseo.fi\/?page_id=1335"},"modified":"2023-01-24T14:35:46","modified_gmt":"2023-01-24T12:35:46","slug":"1335-2","status":"publish","type":"page","link":"https:\/\/www.mainosmuseo.fi\/","title":{"rendered":""},"content":{"rendered":"<p><a href=\"https:\/\/www.mainosmuseo.fi\/wp-content\/uploads\/2023\/01\/Mainonnan-historia-2-1.png\"><img loading=\"lazy\" decoding=\"async\" class=\"alignleft wp-image-1476 size-full\" style=\"margin: 0 25px 25px 0; float: left;\" title=\"mainosmuseo\" src=\"https:\/\/www.mainosmuseo.fi\/wp-content\/uploads\/2023\/01\/Mainonnan-historia-2-1.png\" alt=\"\" width=\"270\" height=\"270\" srcset=\"https:\/\/www.mainosmuseo.fi\/wp-content\/uploads\/2023\/01\/Mainonnan-historia-2-1.png 270w, https:\/\/www.mainosmuseo.fi\/wp-content\/uploads\/2023\/01\/Mainonnan-historia-2-1-150x150.png 150w\" sizes=\"auto, (max-width: 270px) 100vw, 270px\" \/><\/a><\/p>\n<h1>Tervetuloa Mainosmuseoon!<\/h1>\n<p>Mainonnalla on t\u00e4rke\u00e4 rooli talousel\u00e4m\u00e4ss\u00e4, kulttuurissa ja ihmisten muistoissa. Sen avulla jaetaan tietoa, luodaan mielikuvia ja autetaan yrityksi\u00e4 menestym\u00e4\u00e4n. Suomalaisille on my\u00f6s hyvin tiedossa mainonnan rooli tiedonv\u00e4lityksen edist\u00e4j\u00e4n\u00e4 ett\u00e4 kulttuurin ja urheilun tukijana.<\/p>\n<p>Mittavaan tutkimushankkeeseen perustuva teos &#8220;Nyt uutta Suomessa! Suomalaisen mainonnan historia&#8221; ilmestyi vuonna 2011. Teosta t\u00e4ydent\u00e4\u00e4 mainoselokuvia ja radiomainontaa esittelev\u00e4 DVD. Mainostajien Liiton (nyttemmin Marketing Finland) 60-vuotisjuhlan merkeiss\u00e4 julkistettu <strong>Mainosmuseo<\/strong> on tablettisovellus ja sit\u00e4 t\u00e4ydent\u00e4v\u00e4 verkkopalvelu. Mainosmuseossa esitell\u00e4\u00e4n osa teoksen ja DVD:n mainoksista sek\u00e4 muutamia vuosina 2000-2011 valmistuneita tv-mainoksia.<\/p>\n<p>Mainosmuseo tarjoaa monipuolisen ja havainnollisen katsauksen Suomen kulttuurihistoriaan: mm. nopea kaupungistuminen, sota-ajan niukkuus, naisten aseman parantuminen, kasvava viihdeteollisuus, muuttuva muoti sek\u00e4 uudet ruoka- ja juomatottumukset, nuorisokulttuurin syntyminen ja kansainv\u00e4listyminen. Asenteiden, kielen ja puhetavan muutokset, lent\u00e4v\u00e4t lauseet ja hersyv\u00e4 huumori tekev\u00e4t Mainosmuseosta my\u00f6s viihdytt\u00e4v\u00e4n el\u00e4myksen. Esill\u00e4 on suomalaisten arki haasteineen ja unelmineen. Antoisia hetki\u00e4 Mainosmuseossa!<\/p>\n<p>MARKETING FINLAND<\/p>\n<p>Lataa maksuton Mainosmuseo <a href=\"http:\/\/itunes.apple.com\/fi\/app\/mainosmuseo\/id457552357?l=fi&amp;mt=8\">-iPad-sovellus<\/a><br \/>\n<a href=\"http:\/\/www.youtube.com\/watch?v=Qy8-aLLNO3k&amp;feature=youtu.be\">Katso lyhyt esittelyvideo<\/a><\/p>\n<p>Kustantaja: Marketing Finland, Hitsaajankatu 24, 00810 HELSINKI, Y-tunnus: 0215199-6<br \/>\ninfo@marketingfinland.fi, 010 248 1060<br \/>\nFilmit: Pohjant\u00e4hti-Elokuva Oy, Pepe Teirikari<br \/>\nVuosisadan alun filmit: Kansallinen audiovisuaalinen arkisto, KAVA<br \/>\nKiitoksin: Also Starring, Front Desk, Grillifilms, Moskito Television, Motel Royal, Pohjant\u00e4hti-Elokuva, Woodpecker Film<br \/>\nKuvat: Suomen valokuvataiteen museo, Jukka Kukkonen<br \/>\nMainosmuseon aineisto pohjautuu kirjaan &#8220;Nyt uutta Suomessa. Suomalaisen mainonnan historia&#8221; (Marketing Finland 2001)<br \/>\nKirjoittajat: Visa Heinonen, Hannu Konttinen<br \/>\nUlkoasu ja taitto: Graafiset Neli\u00f6t Oy, Jorma Hinkka<br \/>\nKirjatilaukset: <a href=\"https:\/\/www.marketingfinland.fi\/kauppa\/kirja\/mainonnan-historia-kirja\/\">www.marketingfinland.fi<\/a><\/p>\n","protected":false},"excerpt":{"rendered":"<p>Tervetuloa Mainosmuseoon! Mainonnalla on t\u00e4rke\u00e4 rooli talousel\u00e4m\u00e4ss\u00e4, kulttuurissa ja ihmisten muistoissa. Sen avulla jaetaan tietoa, luodaan mielikuvia ja autetaan yrityksi\u00e4 menestym\u00e4\u00e4n. Suomalaisille on my\u00f6s hyvin tiedossa mainonnan rooli tiedonv\u00e4lityksen edist\u00e4j\u00e4n\u00e4 ett\u00e4 kulttuurin ja urheilun tukijana. Mittavaan tutkimushankkeeseen perustuva teos &#8220;Nyt uutta Suomessa! Suomalaisen mainonnan historia&#8221; ilmestyi vuonna 2011. Teosta t\u00e4ydent\u00e4\u00e4 mainoselokuvia ja radiomainontaa esittelev\u00e4 DVD. [&hellip;]<\/p>\n","protected":false},"author":1,"featured_media":0,"parent":0,"menu_order":0,"comment_status":"open","ping_status":"open","template":"","meta":{"footnotes":""},"class_list":["post-1335","page","type-page","status-publish","hentry"],"_links":{"self":[{"href":"https:\/\/www.mainosmuseo.fi\/index.php?rest_route=\/wp\/v2\/pages\/1335","targetHints":{"allow":["GET"]}}],"collection":[{"href":"https:\/\/www.mainosmuseo.fi\/index.php?rest_route=\/wp\/v2\/pages"}],"about":[{"href":"https:\/\/www.mainosmuseo.fi\/index.php?rest_route=\/wp\/v2\/types\/page"}],"author":[{"embeddable":true,"href":"https:\/\/www.mainosmuseo.fi\/index.php?rest_route=\/wp\/v2\/users\/1"}],"replies":[{"embeddable":true,"href":"https:\/\/www.mainosmuseo.fi\/index.php?rest_route=%2Fwp%2Fv2%2Fcomments&post=1335"}],"version-history":[{"count":26,"href":"https:\/\/www.mainosmuseo.fi\/index.php?rest_route=\/wp\/v2\/pages\/1335\/revisions"}],"predecessor-version":[{"id":1485,"href":"https:\/\/www.mainosmuseo.fi\/index.php?rest_route=\/wp\/v2\/pages\/1335\/revisions\/1485"}],"wp:attachment":[{"href":"https:\/\/www.mainosmuseo.fi\/index.php?rest_route=%2Fwp%2Fv2%2Fmedia&parent=1335"}],"curies":[{"name":"wp","href":"https:\/\/api.w.org\/{rel}","templated":true}]}}